{"id":26,"date":"2023-09-25T17:01:25","date_gmt":"2023-09-25T16:01:25","guid":{"rendered":"https:\/\/studentsite.jmg.gu.se\/anjamagnusson\/?page_id=26"},"modified":"2025-07-24T00:00:10","modified_gmt":"2025-07-23T23:00:10","slug":"arbetsprover","status":"publish","type":"page","link":"https:\/\/studentsite.jmg.gu.se\/anjamagnusson\/","title":{"rendered":"Arbetsprover"},"content":{"rendered":"\n<p>V\u00e4lkommen! H\u00e4r har jag samlat ett urval av mina arbetsprover i text, bild, ljud och video. Vill du veta mer? Tveka inte att h\u00f6ra av dig.<\/p>\n\n\n\n<p>\u2709\ufe0f\u00a0<a href=\"mailto:anja.magnusson01@gmail.com\">anja.magnusson01@gmail.com<\/a><br>\ud83d\udd17\u00a0<a href=\"https:\/\/www.linkedin.com\/in\/anja-magnusson-07275a230\/\">Linkedin<\/a><\/p>\n\n\n\n<h2 class=\"wp-block-heading\"><strong>Text<\/strong><\/h2>\n\n\n\n<div class=\"wp-block-columns is-layout-flex wp-container-core-columns-is-layout-9d6595d7 wp-block-columns-is-layout-flex\">\n<div class=\"wp-block-column is-layout-flow wp-block-column-is-layout-flow\">\n<figure class=\"wp-block-image size-large\"><img loading=\"lazy\" decoding=\"async\" width=\"1024\" height=\"683\" src=\"https:\/\/studentsite.jmg.gu.se\/anjamagnusson\/wp-content\/uploads\/sites\/90\/2025\/05\/Linn-ler-redigerad-1024x683.jpg\" alt=\"\" class=\"wp-image-208\" srcset=\"https:\/\/studentsite.jmg.gu.se\/anjamagnusson\/wp-content\/uploads\/sites\/90\/2025\/05\/Linn-ler-redigerad-1024x683.jpg 1024w, https:\/\/studentsite.jmg.gu.se\/anjamagnusson\/wp-content\/uploads\/sites\/90\/2025\/05\/Linn-ler-redigerad-300x200.jpg 300w, https:\/\/studentsite.jmg.gu.se\/anjamagnusson\/wp-content\/uploads\/sites\/90\/2025\/05\/Linn-ler-redigerad-768x512.jpg 768w, https:\/\/studentsite.jmg.gu.se\/anjamagnusson\/wp-content\/uploads\/sites\/90\/2025\/05\/Linn-ler-redigerad.jpg 1200w\" sizes=\"auto, (max-width: 1024px) 100vw, 1024px\" \/><figcaption class=\"wp-element-caption\">Foto: Anja Magnusson<\/figcaption><\/figure>\n<\/div>\n\n\n\n<div class=\"wp-block-column is-layout-flow wp-block-column-is-layout-flow\">\n<p><strong><a href=\"https:\/\/studentsite.jmg.gu.se\/anjamagnusson\/2025\/05\/13\/linn-sandstrom\/\">From table tennis pro to world number one in boxing &#8211; \u201cI never thought I would become a professional fighter\u201d<\/a><\/strong><\/p>\n\n\n\n<p><strong>After nearly a decade at the top of Swedish table tennis, Linn Sandstrom left it all behind and moved to Australia. A boxing gym down the street opened up a new way, one through a tough, male-dominated sport. Today, she is ranked number one in the world by the WBA and is fighting for a world title<\/strong>.&nbsp;<strong>\u201cI never give up, and one day I will reach my goals\u201d, she says.&nbsp;<\/strong><\/p>\n<\/div>\n<\/div>\n\n\n\n<div class=\"wp-block-columns is-layout-flex wp-container-core-columns-is-layout-9d6595d7 wp-block-columns-is-layout-flex\">\n<div class=\"wp-block-column is-layout-flow wp-block-column-is-layout-flow\">\n<figure class=\"wp-block-image size-large\"><img loading=\"lazy\" decoding=\"async\" width=\"1024\" height=\"683\" src=\"https:\/\/studentsite.jmg.gu.se\/anjamagnusson\/wp-content\/uploads\/sites\/90\/2024\/09\/edbff9db-dbe4-49f4-bcc9-a6d02d6ae51b-1024x683.jpeg\" alt=\"\" class=\"wp-image-173\" srcset=\"https:\/\/studentsite.jmg.gu.se\/anjamagnusson\/wp-content\/uploads\/sites\/90\/2024\/09\/edbff9db-dbe4-49f4-bcc9-a6d02d6ae51b-1024x683.jpeg 1024w, https:\/\/studentsite.jmg.gu.se\/anjamagnusson\/wp-content\/uploads\/sites\/90\/2024\/09\/edbff9db-dbe4-49f4-bcc9-a6d02d6ae51b-300x200.jpeg 300w, https:\/\/studentsite.jmg.gu.se\/anjamagnusson\/wp-content\/uploads\/sites\/90\/2024\/09\/edbff9db-dbe4-49f4-bcc9-a6d02d6ae51b-768x512.jpeg 768w, https:\/\/studentsite.jmg.gu.se\/anjamagnusson\/wp-content\/uploads\/sites\/90\/2024\/09\/edbff9db-dbe4-49f4-bcc9-a6d02d6ae51b-1536x1024.jpeg 1536w, https:\/\/studentsite.jmg.gu.se\/anjamagnusson\/wp-content\/uploads\/sites\/90\/2024\/09\/edbff9db-dbe4-49f4-bcc9-a6d02d6ae51b-2048x1366.jpeg 2048w\" sizes=\"auto, (max-width: 1024px) 100vw, 1024px\" \/><figcaption class=\"wp-element-caption\">Foto: Anja Magnusson<\/figcaption><\/figure>\n<\/div>\n\n\n\n<div class=\"wp-block-column is-layout-flow wp-block-column-is-layout-flow\">\n<p><strong><a href=\"https:\/\/studentsite.jmg.gu.se\/anjamagnusson\/wp-content\/uploads\/sites\/90\/2024\/09\/Skarmavbild-2024-09-04-kl.-16.26.33.png\">Petad senast \u2013 Arvidsson levererade mot Sk\u00f6vde: \u201dVille bevisa\u201d<\/a><\/strong><\/p>\n\n\n\n<p><strong>Johan Arvidsson gjorde en stark insats f\u00f6r Brage under fredagens match efter att inte ha startat mot \u00d6ster f\u00f6rra veckan. Matchen slutade 2\u20130, och Arvidsson stod f\u00f6r den f\u00f6rsta assisten. <\/strong><\/p>\n<\/div>\n<\/div>\n\n\n\n<div class=\"wp-block-columns is-layout-flex wp-container-core-columns-is-layout-9d6595d7 wp-block-columns-is-layout-flex\">\n<div class=\"wp-block-column is-layout-flow wp-block-column-is-layout-flow\">\n<figure class=\"wp-block-image size-large\"><img loading=\"lazy\" decoding=\"async\" width=\"1024\" height=\"561\" src=\"https:\/\/studentsite.jmg.gu.se\/anjamagnusson\/wp-content\/uploads\/sites\/90\/2024\/09\/Skarmavbild-2024-09-04-kl.-16.35.50-1024x561.png\" alt=\"\" class=\"wp-image-180\" srcset=\"https:\/\/studentsite.jmg.gu.se\/anjamagnusson\/wp-content\/uploads\/sites\/90\/2024\/09\/Skarmavbild-2024-09-04-kl.-16.35.50-1024x561.png 1024w, https:\/\/studentsite.jmg.gu.se\/anjamagnusson\/wp-content\/uploads\/sites\/90\/2024\/09\/Skarmavbild-2024-09-04-kl.-16.35.50-300x164.png 300w, https:\/\/studentsite.jmg.gu.se\/anjamagnusson\/wp-content\/uploads\/sites\/90\/2024\/09\/Skarmavbild-2024-09-04-kl.-16.35.50-768x421.png 768w, https:\/\/studentsite.jmg.gu.se\/anjamagnusson\/wp-content\/uploads\/sites\/90\/2024\/09\/Skarmavbild-2024-09-04-kl.-16.35.50-1536x842.png 1536w, https:\/\/studentsite.jmg.gu.se\/anjamagnusson\/wp-content\/uploads\/sites\/90\/2024\/09\/Skarmavbild-2024-09-04-kl.-16.35.50.png 1956w\" sizes=\"auto, (max-width: 1024px) 100vw, 1024px\" \/><figcaption class=\"wp-element-caption\">Foto: Daniel Eriksson<\/figcaption><\/figure>\n<\/div>\n\n\n\n<div class=\"wp-block-column is-layout-flow wp-block-column-is-layout-flow\">\n<p><strong><a href=\"https:\/\/studentsite.jmg.gu.se\/anjamagnusson\/wp-content\/uploads\/sites\/90\/2024\/09\/Skarmavbild-2024-09-04-kl.-16.22.51.png\">Cam\u00f5es skobyte hj\u00e4lpte Brage till 2\u20130-seger<\/a><\/strong><\/p>\n\n\n\n<p><strong>I s\u00f6ndagens match mot \u00d6rebro blev Ieltsin Cam\u00f5es f\u00f6rsta m\u00e5lskytt f\u00f6r IK Brage, och hans straff i andra halvlek var en v\u00e4ndpunkt. Cam\u00f5es bytte skor efter att hans favoritskor f\u00e5tt en reva, och det nya paret visade sig vara nyckeln till lagets 2\u20130-seger.&nbsp;<br>\u2013 De visade sig vara vinnarskorna, s\u00e4ger Cam\u00f5es efter matchen.<\/strong><\/p>\n<\/div>\n<\/div>\n\n\n\n<div class=\"wp-block-columns is-layout-flex wp-container-core-columns-is-layout-9d6595d7 wp-block-columns-is-layout-flex\">\n<div class=\"wp-block-column is-layout-flow wp-block-column-is-layout-flow\">\n<figure class=\"wp-block-image size-large\"><img loading=\"lazy\" decoding=\"async\" width=\"1024\" height=\"596\" src=\"https:\/\/studentsite.jmg.gu.se\/anjamagnusson\/wp-content\/uploads\/sites\/90\/2024\/09\/Skarmavbild-2024-09-04-kl.-16.37.47-1024x596.png\" alt=\"\" class=\"wp-image-185\" srcset=\"https:\/\/studentsite.jmg.gu.se\/anjamagnusson\/wp-content\/uploads\/sites\/90\/2024\/09\/Skarmavbild-2024-09-04-kl.-16.37.47-1024x596.png 1024w, https:\/\/studentsite.jmg.gu.se\/anjamagnusson\/wp-content\/uploads\/sites\/90\/2024\/09\/Skarmavbild-2024-09-04-kl.-16.37.47-300x174.png 300w, https:\/\/studentsite.jmg.gu.se\/anjamagnusson\/wp-content\/uploads\/sites\/90\/2024\/09\/Skarmavbild-2024-09-04-kl.-16.37.47-768x447.png 768w, https:\/\/studentsite.jmg.gu.se\/anjamagnusson\/wp-content\/uploads\/sites\/90\/2024\/09\/Skarmavbild-2024-09-04-kl.-16.37.47-1536x893.png 1536w, https:\/\/studentsite.jmg.gu.se\/anjamagnusson\/wp-content\/uploads\/sites\/90\/2024\/09\/Skarmavbild-2024-09-04-kl.-16.37.47.png 1888w\" sizes=\"auto, (max-width: 1024px) 100vw, 1024px\" \/><figcaption class=\"wp-element-caption\">Foto: Anja Magnusson<\/figcaption><\/figure>\n<\/div>\n\n\n\n<div class=\"wp-block-column is-layout-flow wp-block-column-is-layout-flow\">\n<p><strong><a href=\"https:\/\/studentsite.jmg.gu.se\/anjamagnusson\/wp-content\/uploads\/sites\/90\/2024\/09\/Skarmavbild-2024-09-04-kl.-16.25.50.png\">Fr\u00e5n hemmak\u00f6k till foodtruck: Emil Halld\u00e9ns pizza-dr\u00f6m blir verklighet<\/a><\/strong><\/p>\n\n\n\n<p><strong>Emil Halld\u00e9n, som tidigare serverat pizza fr\u00e5n sin altan, f\u00f6rverkligar nu sin dr\u00f6m om en egen foodtruck. P\u00e5 l\u00f6rdag \u00f6ppnar han luckan med en meny pr\u00e4glad av napolitansk pizzatradition.<br>\u2013 Det h\u00e4r kanske \u00e4r det b\u00e4sta jag gjort i hela mitt liv eller det v\u00e4rsta jag gjort i hela mitt liv, s\u00e4ger Emil Halld\u00e9n.<br><\/strong><\/p>\n<\/div>\n<\/div>\n\n\n\n<div class=\"wp-block-columns is-layout-flex wp-container-core-columns-is-layout-9d6595d7 wp-block-columns-is-layout-flex\">\n<div class=\"wp-block-column is-layout-flow wp-block-column-is-layout-flow\">\n<figure class=\"wp-block-image size-large\"><img loading=\"lazy\" decoding=\"async\" width=\"1024\" height=\"681\" src=\"https:\/\/studentsite.jmg.gu.se\/anjamagnusson\/wp-content\/uploads\/sites\/90\/2024\/09\/Bild-7-1024x681.jpeg\" alt=\"\" class=\"wp-image-202\" srcset=\"https:\/\/studentsite.jmg.gu.se\/anjamagnusson\/wp-content\/uploads\/sites\/90\/2024\/09\/Bild-7-1024x681.jpeg 1024w, https:\/\/studentsite.jmg.gu.se\/anjamagnusson\/wp-content\/uploads\/sites\/90\/2024\/09\/Bild-7-300x200.jpeg 300w, https:\/\/studentsite.jmg.gu.se\/anjamagnusson\/wp-content\/uploads\/sites\/90\/2024\/09\/Bild-7-768x511.jpeg 768w, https:\/\/studentsite.jmg.gu.se\/anjamagnusson\/wp-content\/uploads\/sites\/90\/2024\/09\/Bild-7-1536x1022.jpeg 1536w, https:\/\/studentsite.jmg.gu.se\/anjamagnusson\/wp-content\/uploads\/sites\/90\/2024\/09\/Bild-7-2048x1362.jpeg 2048w\" sizes=\"auto, (max-width: 1024px) 100vw, 1024px\" \/><figcaption class=\"wp-element-caption\">Foto: Anja Magnusson<\/figcaption><\/figure>\n<\/div>\n\n\n\n<div class=\"wp-block-column is-layout-flow wp-block-column-is-layout-flow\">\n<p><strong><a href=\"https:\/\/studentsite.jmg.gu.se\/anjamagnusson\/wp-content\/uploads\/sites\/90\/2024\/09\/Skarmavbild-2024-09-23-kl.-10.34.57.png\">\u201dInte ens Tommy K\u00f6rberg trodde p\u00e5 att jag sj\u00f6ng utan mick\u201d<\/a><\/strong><\/p>\n\n\n\n<p><strong>Jennie Tiderman-\u00d6sterberg har gjort en resa fr\u00e5n rock och opera till att upptr\u00e4da med kulning p\u00e5 Dalhalla. Med en p\u00e5g\u00e5ende doktorsavhandling i kulning blir hon den andra i Sverige att doktorera p\u00e5 \u00e4mnet.<\/strong><\/p>\n<\/div>\n<\/div>\n\n\n\n<div class=\"wp-block-columns is-layout-flex wp-container-core-columns-is-layout-9d6595d7 wp-block-columns-is-layout-flex\">\n<div class=\"wp-block-column is-layout-flow wp-block-column-is-layout-flow\">\n<figure class=\"wp-block-image size-large is-resized\"><a href=\"https:\/\/fn.se\/wp-content\/uploads\/2024\/05\/2-24-FN-i-en-ny-tid-webb.pdf\"><img loading=\"lazy\" decoding=\"async\" width=\"716\" height=\"1024\" src=\"https:\/\/studentsite.jmg.gu.se\/anjamagnusson\/wp-content\/uploads\/sites\/90\/2024\/06\/Skarmavbild-2024-06-08-kl.-10.14.13-716x1024.png\" alt=\"\" class=\"wp-image-164\" style=\"width:267px;height:383px\" srcset=\"https:\/\/studentsite.jmg.gu.se\/anjamagnusson\/wp-content\/uploads\/sites\/90\/2024\/06\/Skarmavbild-2024-06-08-kl.-10.14.13-716x1024.png 716w, https:\/\/studentsite.jmg.gu.se\/anjamagnusson\/wp-content\/uploads\/sites\/90\/2024\/06\/Skarmavbild-2024-06-08-kl.-10.14.13-210x300.png 210w, https:\/\/studentsite.jmg.gu.se\/anjamagnusson\/wp-content\/uploads\/sites\/90\/2024\/06\/Skarmavbild-2024-06-08-kl.-10.14.13-768x1098.png 768w, https:\/\/studentsite.jmg.gu.se\/anjamagnusson\/wp-content\/uploads\/sites\/90\/2024\/06\/Skarmavbild-2024-06-08-kl.-10.14.13.png 880w\" sizes=\"auto, (max-width: 716px) 100vw, 716px\" \/><\/a><\/figure>\n<\/div>\n\n\n\n<div class=\"wp-block-column is-layout-flow wp-block-column-is-layout-flow\">\n<p><a href=\"https:\/\/fn.se\/wp-content\/uploads\/2024\/05\/2-24-FN-i-en-ny-tid-webb.pdf\"><strong>V\u00e4rldshorisont 2\/24<\/strong><\/a><\/p>\n\n\n\n<p>I denna tidning har jag bland annat skrivit artiklarna &#8221;Internationell Ung-konferens&#8221;, &#8221;Mellanstadieelever agerar delegater&#8221; samt &#8221;Varf\u00f6r har du engagerat dig i FN-r\u00f6relsen?&#8221;. Jag har \u00e4ven tagit n\u00e4stintill alla bilder i tidningen.<\/p>\n<\/div>\n<\/div>\n\n\n\n<div class=\"wp-block-columns is-layout-flex wp-container-core-columns-is-layout-9d6595d7 wp-block-columns-is-layout-flex\">\n<div class=\"wp-block-column is-layout-flow wp-block-column-is-layout-flow\">\n<figure class=\"wp-block-image size-large is-resized\"><a href=\"https:\/\/fn.se\/wp-content\/uploads\/2024\/03\/1-24-Mangfald-och-inkludering-1.pdf\"><img loading=\"lazy\" decoding=\"async\" width=\"772\" height=\"1024\" src=\"https:\/\/studentsite.jmg.gu.se\/anjamagnusson\/wp-content\/uploads\/sites\/90\/2024\/05\/Skarmavbild-2024-05-12-kl.-19.33.37-772x1024.png\" alt=\"\" class=\"wp-image-155\" style=\"width:270px;height:358px\" srcset=\"https:\/\/studentsite.jmg.gu.se\/anjamagnusson\/wp-content\/uploads\/sites\/90\/2024\/05\/Skarmavbild-2024-05-12-kl.-19.33.37-772x1024.png 772w, https:\/\/studentsite.jmg.gu.se\/anjamagnusson\/wp-content\/uploads\/sites\/90\/2024\/05\/Skarmavbild-2024-05-12-kl.-19.33.37-226x300.png 226w, https:\/\/studentsite.jmg.gu.se\/anjamagnusson\/wp-content\/uploads\/sites\/90\/2024\/05\/Skarmavbild-2024-05-12-kl.-19.33.37-768x1018.png 768w, https:\/\/studentsite.jmg.gu.se\/anjamagnusson\/wp-content\/uploads\/sites\/90\/2024\/05\/Skarmavbild-2024-05-12-kl.-19.33.37-1158x1536.png 1158w, https:\/\/studentsite.jmg.gu.se\/anjamagnusson\/wp-content\/uploads\/sites\/90\/2024\/05\/Skarmavbild-2024-05-12-kl.-19.33.37.png 1190w\" sizes=\"auto, (max-width: 772px) 100vw, 772px\" \/><\/a><\/figure>\n<\/div>\n\n\n\n<div class=\"wp-block-column is-layout-flow wp-block-column-is-layout-flow\">\n<p><strong><a href=\"https:\/\/fn.se\/wp-content\/uploads\/2024\/03\/1-24-Mangfald-och-inkludering-1.pdf\">V\u00e4rldshorisont 1\/24<\/a><\/strong><\/p>\n\n\n\n<p>I denna tidning har jag bland annat skrivit artiklarna &#8221;Oj\u00e4mlik digitalisering leder till exkludering&#8221;, &#8221;Johannes ska jobba f\u00f6r m\u00e5ngfald och inkludering&#8221; samt &#8221;Fortsatt stort f\u00f6rtroende f\u00f6r FN hos svenskarna&#8221;. Jag har \u00e4ven skrivit samtliga FN-notiser.<\/p>\n<\/div>\n<\/div>\n\n\n\n<hr class=\"wp-block-separator has-alpha-channel-opacity\" \/>\n\n\n\n<h2 class=\"wp-block-heading\"><strong>Ljud<\/strong><\/h2>\n\n\n\n<div class=\"wp-block-columns is-layout-flex wp-container-core-columns-is-layout-9d6595d7 wp-block-columns-is-layout-flex\">\n<div class=\"wp-block-column is-layout-flow wp-block-column-is-layout-flow\" style=\"flex-basis:100%\">\n<div class=\"wp-block-columns is-layout-flex wp-container-core-columns-is-layout-9d6595d7 wp-block-columns-is-layout-flex\">\n<div class=\"wp-block-column is-layout-flow wp-block-column-is-layout-flow\">\n<p><a href=\"https:\/\/studentsite.jmg.gu.se\/anjamagnusson\/2023\/09\/27\/bakom-striken-bowlingen-i-sverige\/\"><strong>Bakom striken: Bowlingen i Sverige<\/strong><\/a><\/p>\n<\/div>\n\n\n\n<div class=\"wp-block-column is-layout-flow wp-block-column-is-layout-flow\">\n<p><strong>Bowling \u00e4r en sport som de flesta n\u00e5gon g\u00e5ng har testat. Det m\u00e5nga kanske d\u00e4remot inte vet \u00e4r hur stor den professionella bowlingen \u00e4r i Sverige. Jag bes\u00f6kte Team Pergamons tr\u00e4ning f\u00f6r att ta reda p\u00e5 mer om den professionella bowlingen och vad som kr\u00e4vs f\u00f6r att sl\u00e5 den d\u00e4r perfekta striken.<\/strong><\/p>\n<\/div>\n<\/div>\n<\/div>\n<\/div>\n\n\n\n<div class=\"wp-block-columns is-layout-flex wp-container-core-columns-is-layout-9d6595d7 wp-block-columns-is-layout-flex\">\n<div class=\"wp-block-column is-layout-flow wp-block-column-is-layout-flow\">\n<p><a href=\"https:\/\/studentsite.jmg.gu.se\/anjamagnusson\/2023\/09\/27\/enkatundersokningen-sommartid-vintertid\/\"><strong>Enk\u00e4tunders\u00f6kning: sommartid\/vintertid<\/strong><\/a><\/p>\n<\/div>\n\n\n\n<div class=\"wp-block-column is-layout-flow wp-block-column-is-layout-flow\">\n<p><strong>Det r\u00e5der en del skilda \u00e5sikter om att vi har sommartid och vintertid, jag gav mig ut p\u00e5 stan f\u00f6r att fr\u00e5ga n\u00e5gra g\u00f6teborgare vad de tycker.<\/strong><\/p>\n<\/div>\n<\/div>\n\n\n\n<hr class=\"wp-block-separator has-alpha-channel-opacity\" \/>\n\n\n\n<h2 class=\"wp-block-heading\"><strong>R\u00f6rlig bild<\/strong><\/h2>\n\n\n\n<div class=\"wp-block-columns is-layout-flex wp-container-core-columns-is-layout-9d6595d7 wp-block-columns-is-layout-flex\">\n<div class=\"wp-block-column is-layout-flow wp-block-column-is-layout-flow\">\n<figure class=\"wp-block-image size-large\"><a href=\"https:\/\/goteborgnu.se\/tvnyheter\/index.php\/2022\/05\/04\/kraven-pa-secondhand-hojs\/\"><img loading=\"lazy\" decoding=\"async\" width=\"1024\" height=\"633\" src=\"https:\/\/studentsite.jmg.gu.se\/anjamagnusson\/wp-content\/uploads\/sites\/90\/2023\/10\/Skarmavbild-2023-10-02-kl.-14.14.20-1-1024x633.png\" alt=\"\" class=\"wp-image-134\" srcset=\"https:\/\/studentsite.jmg.gu.se\/anjamagnusson\/wp-content\/uploads\/sites\/90\/2023\/10\/Skarmavbild-2023-10-02-kl.-14.14.20-1-1024x633.png 1024w, https:\/\/studentsite.jmg.gu.se\/anjamagnusson\/wp-content\/uploads\/sites\/90\/2023\/10\/Skarmavbild-2023-10-02-kl.-14.14.20-1-300x185.png 300w, https:\/\/studentsite.jmg.gu.se\/anjamagnusson\/wp-content\/uploads\/sites\/90\/2023\/10\/Skarmavbild-2023-10-02-kl.-14.14.20-1-768x475.png 768w, https:\/\/studentsite.jmg.gu.se\/anjamagnusson\/wp-content\/uploads\/sites\/90\/2023\/10\/Skarmavbild-2023-10-02-kl.-14.14.20-1-1536x950.png 1536w, https:\/\/studentsite.jmg.gu.se\/anjamagnusson\/wp-content\/uploads\/sites\/90\/2023\/10\/Skarmavbild-2023-10-02-kl.-14.14.20-1-2048x1266.png 2048w\" sizes=\"auto, (max-width: 1024px) 100vw, 1024px\" \/><\/a><\/figure>\n<\/div>\n\n\n\n<div class=\"wp-block-column is-layout-flow wp-block-column-is-layout-flow\">\n<p><a href=\"https:\/\/goteborgnu.se\/tvnyheter\/index.php\/2022\/05\/04\/kraven-pa-secondhand-hojs\/\"><strong>Kraven p\u00e5 second hand h\u00f6js<\/strong><\/a><\/p>\n\n\n\n<p><strong>Secondhand har under de senaste \u00e5ren blivit mer och mer popul\u00e4rt. Utvecklingen har p\u00e5verkat synen p\u00e5 att handla begagnat men \u00e4ven inst\u00e4llningen till kvalitet och priser. \u201dMan m\u00e5ste sk\u00e4rpa sig v\u00e4ldigt, man m\u00e5ste ha det fr\u00e4scht i butiken, det m\u00e5ste lukta gott\u201d, s\u00e4ger Christina Sammatti.<\/strong><\/p>\n<\/div>\n<\/div>\n\n\n\n<hr class=\"wp-block-separator has-alpha-channel-opacity\" \/>\n\n\n\n<h2 class=\"wp-block-heading\"><strong>Praktikintyg<\/strong><\/h2>\n\n\n\n<p><strong><a href=\"https:\/\/studentsite.jmg.gu.se\/anjamagnusson\/wp-content\/uploads\/sites\/90\/2024\/06\/Praktikintyg-Varldshorisont.pdf\">Praktikintyg V\u00e4rldshorisont<\/a><\/strong><\/p>\n\n\n\n<p><strong><a href=\"https:\/\/studentsite.jmg.gu.se\/anjamagnusson\/wp-content\/uploads\/sites\/90\/2023\/10\/Anjas-intyg-scaled.jpg\">Praktikintyg Sm\u00e5landsposten<\/a><\/strong> <\/p>\n","protected":false},"excerpt":{"rendered":"<p>V\u00e4lkommen! H\u00e4r har jag samlat ett urval av mina arbetsprover i text, bild, ljud och video. Vill du veta mer? Tveka inte att h\u00f6ra av dig. \u2709\ufe0f\u00a0anja.magnusson01@gmail.com\ud83d\udd17\u00a0Linkedin Text From table tennis pro to world number one in boxing &#8211; \u201cI never thought I would become a professional fighter\u201d After nearly a decade at the top &#8230; <a title=\"Arbetsprover\" class=\"read-more\" href=\"https:\/\/studentsite.jmg.gu.se\/anjamagnusson\/\" aria-label=\"L\u00e4s mer om Arbetsprover\">L\u00e4s mer<\/a><\/p>\n","protected":false},"author":81,"featured_media":0,"parent":0,"menu_order":0,"comment_status":"closed","ping_status":"closed","template":"","meta":{"footnotes":""},"class_list":["post-26","page","type-page","status-publish"],"_links":{"self":[{"href":"https:\/\/studentsite.jmg.gu.se\/anjamagnusson\/wp-json\/wp\/v2\/pages\/26","targetHints":{"allow":["GET"]}}],"collection":[{"href":"https:\/\/studentsite.jmg.gu.se\/anjamagnusson\/wp-json\/wp\/v2\/pages"}],"about":[{"href":"https:\/\/studentsite.jmg.gu.se\/anjamagnusson\/wp-json\/wp\/v2\/types\/page"}],"author":[{"embeddable":true,"href":"https:\/\/studentsite.jmg.gu.se\/anjamagnusson\/wp-json\/wp\/v2\/users\/81"}],"replies":[{"embeddable":true,"href":"https:\/\/studentsite.jmg.gu.se\/anjamagnusson\/wp-json\/wp\/v2\/comments?post=26"}],"version-history":[{"count":75,"href":"https:\/\/studentsite.jmg.gu.se\/anjamagnusson\/wp-json\/wp\/v2\/pages\/26\/revisions"}],"predecessor-version":[{"id":500,"href":"https:\/\/studentsite.jmg.gu.se\/anjamagnusson\/wp-json\/wp\/v2\/pages\/26\/revisions\/500"}],"wp:attachment":[{"href":"https:\/\/studentsite.jmg.gu.se\/anjamagnusson\/wp-json\/wp\/v2\/media?parent=26"}],"curies":[{"name":"wp","href":"https:\/\/api.w.org\/{rel}","templated":true}]}}